{"id":5279,"date":"2021-01-14T13:36:06","date_gmt":"2021-01-14T12:36:06","guid":{"rendered":"https:\/\/www.mario-sinnhofer.xyz\/?page_id=5279"},"modified":"2023-05-11T00:24:03","modified_gmt":"2023-05-10T22:24:03","slug":"events","status":"publish","type":"page","link":"https:\/\/www.mario-sinnhofer.xyz\/en\/events\/","title":{"rendered":"EXHIBITIONS"},"content":{"rendered":"<div class=\"fusion-fullwidth fullwidth-box fusion-builder-row-1 nonhundred-percent-fullwidth non-hundred-percent-height-scrolling\" style=\"--awb-border-radius-top-left:0px;--awb-border-radius-top-right:0px;--awb-border-radius-bottom-right:0px;--awb-border-radius-bottom-left:0px;--awb-margin-top:-50px;--awb-background-color:#e5f6e4;--awb-flex-wrap:wrap;\" ><div class=\"fusion-builder-row fusion-row\"><div class=\"fusion-layout-column fusion_builder_column fusion-builder-column-0 fusion_builder_column_1_1 1_1 fusion-one-full fusion-column-first fusion-column-last\" style=\"--awb-bg-size:cover;\"><div class=\"fusion-column-wrapper fusion-column-has-shadow fusion-flex-column-wrapper-legacy\"><div class=\"fusion-title title fusion-title-1 fusion-title-text fusion-title-size-two\" style=\"--awb-margin-bottom:-3px;\"><h2 class=\"fusion-title-heading title-heading-left fusion-responsive-typography-calculated\" style=\"margin:0;--fontSize:48;line-height:1.2;\">EXHIBITIONS<\/h2><span class=\"awb-title-spacer\"><\/span><div class=\"title-sep-container\"><div class=\"title-sep sep- sep-solid\" style=\"border-color:#e2e2e2;\"><\/div><\/div><\/div><div class=\"fusion-image-element in-legacy-container\" style=\"--awb-caption-title-font-family:var(--h2_typography-font-family);--awb-caption-title-font-weight:var(--h2_typography-font-weight);--awb-caption-title-font-style:var(--h2_typography-font-style);--awb-caption-title-size:var(--h2_typography-font-size);--awb-caption-title-transform:var(--h2_typography-text-transform);--awb-caption-title-line-height:var(--h2_typography-line-height);--awb-caption-title-letter-spacing:var(--h2_typography-letter-spacing);\"><span class=\" fusion-imageframe imageframe-none imageframe-1 hover-type-none\"><img decoding=\"async\" width=\"2048\" height=\"1153\" title=\"a\" src=\"https:\/\/www.mario-sinnhofer.xyz\/wp-content\/uploads\/2022\/10\/a.jpg\" alt class=\"img-responsive wp-image-5950\" srcset=\"https:\/\/www.mario-sinnhofer.xyz\/wp-content\/uploads\/2022\/10\/a-200x113.jpg 200w, https:\/\/www.mario-sinnhofer.xyz\/wp-content\/uploads\/2022\/10\/a-400x225.jpg 400w, https:\/\/www.mario-sinnhofer.xyz\/wp-content\/uploads\/2022\/10\/a-600x338.jpg 600w, https:\/\/www.mario-sinnhofer.xyz\/wp-content\/uploads\/2022\/10\/a-800x450.jpg 800w, https:\/\/www.mario-sinnhofer.xyz\/wp-content\/uploads\/2022\/10\/a-1200x676.jpg 1200w, https:\/\/www.mario-sinnhofer.xyz\/wp-content\/uploads\/2022\/10\/a.jpg 2048w\" sizes=\"(max-width: 800px) 100vw, 1200px\" \/><\/span><\/div><div class=\"fusion-text fusion-text-1\"><p class=\"western\" style=\"text-align: right;\" align=\"right\"><span style=\"color: #808080;\"><span style=\"font-family: Century Gothic, sans-serif;\"><span style=\"font-size: small;\"><span lang=\"de-DE\">Documenta Fifteen, Kassel 2022<\/span><\/span><\/span><\/span><\/p>\n<\/div><div class=\"fusion-sep-clear\"><\/div><div class=\"fusion-separator fusion-full-width-sep\" style=\"margin-left: auto;margin-right: auto;margin-top:20px;width:100%;\"><\/div><div class=\"fusion-sep-clear\"><\/div><div class=\"fusion-sep-clear\"><\/div><div class=\"fusion-separator fusion-full-width-sep\" style=\"margin-left: auto;margin-right: auto;width:100%;\"><div class=\"fusion-separator-border sep-single sep-solid\" style=\"--awb-height:20px;--awb-amount:20px;--awb-sep-color:#ff42e8;border-color:#ff42e8;border-top-width:1px;\"><\/div><\/div><div class=\"fusion-sep-clear\"><\/div><div class=\"fusion-text fusion-text-2\"><p><strong> <\/strong><strong>Exhibition participations &amp; screenings<\/strong><u> <\/u><\/p>\n<p class=\"western\"><u><em>2023<br \/>\n<\/em><\/u><span lang=\"de-DE\">&#8220;Making of: Sons of Sissy&#8221;,<\/span><span lang=\"de-DE\">Odeon Theater, Wien<br \/>\n<\/span><\/p>\n<p class=\"western\"><u><em>2022<\/em><br \/>\n<\/u><span lang=\"de-DE\">Use of the &#8220;Double Infinity Rope<\/span><span lang=\"de-DE\"><i>&#8220;<\/i><\/span><span lang=\"de-DE\">in the context of the workshop &#8220;Spaces of Transformation&#8221;,<br \/>\n<\/span><span lang=\"de-DE\">carried out by <i>Brunnenpassage Vienna<\/i> at the Documenta Fifteen, Kassel<\/span><span lang=\"de-DE\"><br \/>\n<\/span> <span lang=\"de-DE\"> (<\/span><span lang=\"de-DE\"><br \/>\n  <i>For details about the object and the workshop see project page &#8220;<a href=\"https:\/\/www.mario-sinnhofer.xyz\/en\/jumpstar\/\">Jump!Star<\/a>&#8221; \/ Dialogic Art<\/i><br \/>\n<\/span><span lang=\"de-DE\">)<\/span><\/p>\n<p><u><span class=\"text\">2020<\/span><\/u><br \/>\nProject dokumentation <span lang=\"de-DE\">\u201e<\/span>Jump!Star&#8221;, Weltmuseum Wien<\/p>\n<p class=\"western\"><u>2017<br \/>\n<\/u>\u201e<span lang=\"de-DE\">Hotel Obscura\u201c (Filmscreening), LADA &#8211; Live Art Development Agency, London<\/span><\/p>\n<p class=\"western\"> <u> <\/u><u>2016<br \/>\n<\/u>&#8220;<span lang=\"de-DE\">Hotel Obscura&#8221; (film screening), Crossing Europe Film Festival, Linz<\/span><\/p>\n<p class=\"western\"> <u> <\/u><u>2014<br \/>\n<\/u>&#8220;<span lang=\"de-DE\">MEDIUM:BODY<\/span><span lang=\"de-DE\">&#8220;, Parasit @ Kunstverein Koelnberg, Cologne<\/span><\/p>\n<p class=\"western\"><u> <\/u><u>2011<br \/>\n<\/u>&#8220;Design &amp; Foot&#8221;, Cit\u00e9 du Design, ST. \u00c9tienne (FRA) &#8220;The third dimension&#8221;, Kunsthalle White Box, Munich\n<\/p>\n<p class=\"western\"><u> <\/u><u>2010<br \/>\n<\/u>&#8220;Art Auction&#8221;, OK Open Culture House Upper Austria, Linz &#8220;Sport Innovations Symposion&#8221;, Provincial University Sports Center, Salzburg &#8220;ISPO 2010&#8221;, international sports fair, Munich<\/p>\n<p class=\"western\"><u>2009<br \/>\n<\/u>&#8220;<span lang=\"de-DE\">Assembly&#8221;, Design Festival, Graz<br \/>\n<\/span>&#8220;Schmiede 09&#8221;, Symposium, Alte Saline\/Pernerinsel, Hallein (AUT)<br \/>\n&#8220;In the Garden of the Sick Rabbit&#8221;, concept, curation &amp; program coordination of the opening of the<br \/>\n<span lang=\"de-DE\">   <\/span>Annual project &#8220;The Sick Bunny \/\/ Crazy about Linz&#8221;, Kunstraum Goethestra\u00dfe xtd, Linz<br \/>\n <span lang=\"de-DE\"> (<\/span>In the context of: Linz 2009 &#8211; European Capital of Culture)<\/p>\n<p class=\"western\"><u> <\/u><u>2008<br \/>\n<\/u>&#8220;Award of change&#8221;, City Hall Gallery, Munich &#8220;Life in the penalty area&#8221;, Lentos Art Museum, Linz &#8220;<span lang=\"de-DE\">soccer arts&#8221;, City Gallery, Klagenfurt (AUT)<\/span><\/p>\n<p>&#8220;I don&#8217;t have enough, you dull eyes&#8221;, Universal Cube\/Spinnerei, Leipzig<\/p>\n<p class=\"western\"><u>2007<br \/>\n<\/u>&#8220;Art Terror&#8221;, Nordico \/ Museum of the City of Linz<\/p>\n<p class=\"western\"><u>2006<br \/>\n<\/u>&#8220;Au\u00dfenfeld&#8221;, production of the OK Offenes Kulturhaus O\u00d6 (Linz), Galerie Lebzelterhaus, V\u00f6cklabruck (AUT) &#8220;Substitute Bench of Emotions,&#8221; Stadtmuseum Halle a.d. Saale (GER),<\/p>\n<p> <span lang=\"\"> (<\/span>Official contribution of the art program to the 2006 World Cup) &#8220;<span lang=\"\">Art Acquisitions of the City of Linz&#8221;, Nordico \/ Museum of the City of Linz<\/span>\n<\/p>\n<p class=\"western\"><u>2005<br \/>\n<\/u>&#8220;Faible&#8221;, Gallery of the City of Wels (AUT) &#8220;mostra de performances&#8221;, Sal\u00e3o Ol\u00edmpico, Porto (POR) \u201e<span lang=\"\">sin titulo\u201d, porAcaso, Lissabon<br \/>\n<\/span>\u201e<span lang=\"de-DE\">leil\u00e3o identidades\u201d, Kunstauktion, Porto (POR)<br \/>\n\u201eEvolution\u00e4re Zellen 2004\u201c, Neue Gesellschaft f\u00fcr Bildende Kunst, Berlin<br \/>\n<\/span><span lang=\"\">\u201eEvolution\u00e4re Zellen 2004\u201c, <\/span><span lang=\"\">Karl Ernst Osth<\/span><span lang=\"\">aus-Museum, Hagen (GER)<br \/>\n<\/span><\/p>\n<p class=\"western\"><u>2004<br \/>\n<\/u>&#8220;Third Places&#8221;, Steirischer Herbst, Graz &#8220;VFB versus BALL&#8221;, Moviemento Gallery, Linz &#8220;<span lang=\"de-DE\">Because every ball has a soul&#8221;, Kulturzentrum der Minoriten, Graz<br \/>\n<\/span>&#8220;<span lang=\"de-DE\">SuperArt&#8221;, Kunstsupermarkt, Linz<br \/>\n<\/span>&#8220;<span lang=\"de-DE\">Showup&#8221;, SZENE, Salzburg<\/span><\/p>\n<p>&#8220;Playground&#8221;, Field for Art, Hamburg &#8220;<span lang=\"\">ARTWORKS Forum&#8221;, Palais Thienfeld, Graz<\/span><\/p>\n<p>&#8220;VFB versus BALL&#8221;, Gallery 5020, Salzburg<\/p>\n<p class=\"western\"><u>2003<br \/>\n<\/u>&#8220;Re:location 5&#8221;, Gal\u00e9ria J\u00e1na Koniarka, Trnava (SVK) &#8220;Re:location 2+5&#8221;, OK Offenes Kulturhaus O\u00d6, Linz &#8220;respectively&#8221;, kunstprojekte_riem, Munich &#8220;<span lang=\"\">Deb\u00fatnale&#8221;, video festival, Linz<br \/>\n<\/span>&#8220;<span lang=\"\">in motion&#8221;, Galerie am Hauptplatz, Linz<\/span><\/p>\n<p class=\"western\"><u>2002<br \/>\n&#8220;<\/u>recycling-art festival&#8221;, RAW-Tempel, Berlin &#8220;best off 02&#8221;, Transpublic, Linz\n<\/p>\n<p><u> <\/u><u>2001<br \/>\n<\/u>&#8220;<span lang=\"de-DE\">Lesson 38a: how to set traps&#8221;, Gallery at Alcatraz <\/span>,  <span lang=\"de-DE\">Int. Summer Academy of Fine Arts, Hallein (AUT)<br \/>\n<\/span><\/p>\n<\/div><div class=\"fusion-sep-clear\"><\/div><div class=\"fusion-separator fusion-full-width-sep\" style=\"margin-left: auto;margin-right: auto;margin-top:20px;width:100%;\"><div class=\"fusion-separator-border sep-single sep-solid\" style=\"--awb-height:20px;--awb-amount:20px;--awb-sep-color:#ff42e8;border-color:#ff42e8;border-top-width:1px;\"><\/div><\/div><div class=\"fusion-sep-clear\"><\/div><div class=\"fusion-text fusion-text-3\"><p class=\"western\"><b>Awards &amp; Scholarships<\/b><\/p>\n<p lang=\"de-DE\">Sponsorship Award<span lang=\"de-DE\"> Galerie Thaddaeus Ropac <\/span><span lang=\"de-DE\">&amp;<\/span> <span lang=\"de-DE\">Salzburger Kunstverein,<\/span><span lang=\"de-DE\"> 2020<\/span><br \/>\nScholarship P-ART Academy for Participative Arts, Salzburg, 2018<br \/>\nImpulse XS &amp; XL (Austria Wirtschaftsservice, innovation funding program, Wien, 2013 &amp; 2014)<br \/>\nSponsored Studio by the Country of Salzburg (2010-2013)<br \/>\nFinalist \u201ebrandnew award\u201c, ISPO (largest international sports fair), M\u00fcnchen, 2010<br \/>\n<span lang=\"en-US\">Innolab<\/span><span lang=\"en-US\">(innovation funding program \/ FH Campus 02, (Graz, 2009)<br \/>\n<\/span><span lang=\"en-US\">Atelierstipendium Egon Schiele-Centrum, Krumau\/Tschechien, 2008<\/span><br \/>\nTalent Promotion Award of the Province of Upper Austria, 2007<br \/>\nKunstrasen 2006 &#8211; 1. price, 2006<br \/>\nArt acquisitions by the city of Linz, 2006<br \/>\nScholarship by the City of Linz (Sponsored studio 2005-2007)<br \/>\nEgon Hofmann-Scholarship for working abroad (Portugal), 2004\/2005<br \/>\n<span lang=\"de-DE\">Art in the Social Field,<\/span> <span lang=\"de-DE\">Scholarship &amp; Symposion<\/span><span lang=\"de-DE\">, (equal-artworks, <\/span><span lang=\"de-DE\">Wien)<\/span><span lang=\"de-DE\">, 2004<br \/>\n<\/span>Stipendium des F\u00f6rdervereins der Kunstuniversit\u00e4t Linz, 2004<br \/>\nInterculture Award 2003 \/ category fine arts, (Gesellschaft f\u00fcr Kulturpolitik, Linz), 2003<br \/>\nAchievement Scholarship University of Art and Industrial Design Linz, 2003<br \/>\nScholarship Int. Summeracademy for Fine Arts, Salzburg, 2001 <\/p>\n<\/div><div class=\"fusion-sep-clear\"><\/div><div class=\"fusion-separator fusion-full-width-sep\" style=\"margin-left: auto;margin-right: auto;margin-top:20px;width:100%;\"><div class=\"fusion-separator-border sep-single sep-solid\" style=\"--awb-height:20px;--awb-amount:20px;--awb-sep-color:#ff42e8;border-color:#ff42e8;border-top-width:1px;\"><\/div><\/div><div class=\"fusion-sep-clear\"><\/div><div class=\"fusion-text fusion-text-4\"><p class=\"western\"><b>Miscellaneous<\/b><\/p>\n<p class=\"western\">&#8220;<span lang=\"de-DE\">Art Monastery Project&#8221;<\/span><span lang=\"de-DE\"> (visiting artist<\/span><span lang=\"de-DE\">), Caramanico Terme (IT), 2014<br \/>\n<\/span>&#8220;<span lang=\"de-DE\">Pens\u00e3o CLAP&#8221; (<\/span><span lang=\"de-DE\">first visiting<\/span> artist<span lang=\"de-DE\">), Clube de Arte Porto (PT), Jul\/Aug 2005 <\/span><br \/>\nArtist in residence, Gal\u00e9ria J\u00e1na Koniarka, Trnava (SK), Aug\/Sept 2003<\/p>\n<\/div><div class=\"fusion-clearfix\"><\/div><\/div><\/div><\/div><\/div>\n","protected":false},"excerpt":{"rendered":"","protected":false},"author":2,"featured_media":5950,"parent":0,"menu_order":0,"comment_status":"closed","ping_status":"closed","template":"100-width.php","meta":{"footnotes":""},"class_list":["post-5279","page","type-page","status-publish","has-post-thumbnail","hentry"],"_links":{"self":[{"href":"https:\/\/www.mario-sinnhofer.xyz\/en\/wp-json\/wp\/v2\/pages\/5279","targetHints":{"allow":["GET"]}}],"collection":[{"href":"https:\/\/www.mario-sinnhofer.xyz\/en\/wp-json\/wp\/v2\/pages"}],"about":[{"href":"https:\/\/www.mario-sinnhofer.xyz\/en\/wp-json\/wp\/v2\/types\/page"}],"author":[{"embeddable":true,"href":"https:\/\/www.mario-sinnhofer.xyz\/en\/wp-json\/wp\/v2\/users\/2"}],"replies":[{"embeddable":true,"href":"https:\/\/www.mario-sinnhofer.xyz\/en\/wp-json\/wp\/v2\/comments?post=5279"}],"version-history":[{"count":7,"href":"https:\/\/www.mario-sinnhofer.xyz\/en\/wp-json\/wp\/v2\/pages\/5279\/revisions"}],"predecessor-version":[{"id":6280,"href":"https:\/\/www.mario-sinnhofer.xyz\/en\/wp-json\/wp\/v2\/pages\/5279\/revisions\/6280"}],"wp:featuredmedia":[{"embeddable":true,"href":"https:\/\/www.mario-sinnhofer.xyz\/en\/wp-json\/wp\/v2\/media\/5950"}],"wp:attachment":[{"href":"https:\/\/www.mario-sinnhofer.xyz\/en\/wp-json\/wp\/v2\/media?parent=5279"}],"curies":[{"name":"wp","href":"https:\/\/api.w.org\/{rel}","templated":true}]}}